{"id":19685,"date":"2025-04-29T16:10:40","date_gmt":"2025-04-29T16:10:40","guid":{"rendered":"https:\/\/www.kralovstvi-zeleznic.cz\/?page_id=19685"},"modified":"2026-02-11T11:52:04","modified_gmt":"2026-02-11T11:52:04","slug":"entry-fee-2","status":"publish","type":"page","link":"https:\/\/www.kralovstvi-zeleznic.cz\/en\/entry-fee-2\/","title":{"rendered":"ENTRY FEE"},"content":{"rendered":"\t\t<div data-elementor-type=\"wp-page\" data-elementor-id=\"19685\" class=\"elementor elementor-19685 elementor-19684\" data-elementor-post-type=\"page\">\n\t\t\t\t\t\t<section class=\"elementor-section elementor-top-section elementor-element elementor-element-3e44f94c elementor-section-height-min-height elementor-section-items-top elementor-section-boxed elementor-section-height-default\" data-id=\"3e44f94c\" data-element_type=\"section\" data-e-type=\"section\" id=\"hero-hp\" data-settings=\"{&quot;background_background&quot;:&quot;classic&quot;}\">\n\t\t\t\t\t\t<div class=\"elementor-container elementor-column-gap-default\">\n\t\t\t\t\t<div class=\"elementor-column elementor-col-50 elementor-top-column elementor-element elementor-element-6d7398ae\" data-id=\"6d7398ae\" data-element_type=\"column\" data-e-type=\"column\">\n\t\t\t<div class=\"elementor-widget-wrap\">\n\t\t\t\t\t\t\t<\/div>\n\t\t<\/div>\n\t\t\t\t<div class=\"elementor-column elementor-col-50 elementor-top-column elementor-element elementor-element-2db275cf\" data-id=\"2db275cf\" data-element_type=\"column\" data-e-type=\"column\">\n\t\t\t<div class=\"elementor-widget-wrap\">\n\t\t\t\t\t\t\t<\/div>\n\t\t<\/div>\n\t\t\t\t\t<\/div>\n\t\t<\/section>\n\t\t\t\t<section class=\"elementor-section elementor-top-section elementor-element elementor-element-405ebb50 elementor-section-boxed elementor-section-height-default elementor-section-height-default\" data-id=\"405ebb50\" data-element_type=\"section\" data-e-type=\"section\">\n\t\t\t\t\t\t<div class=\"elementor-container elementor-column-gap-default\">\n\t\t\t\t\t<div class=\"elementor-column elementor-col-50 elementor-top-column elementor-element elementor-element-282766f6\" data-id=\"282766f6\" data-element_type=\"column\" data-e-type=\"column\" id=\"column-subpage-hero\">\n\t\t\t<div class=\"elementor-widget-wrap elementor-element-populated\">\n\t\t\t\t\t\t<div class=\"elementor-element elementor-element-746e3bda subpage-title elementor-widget elementor-widget-heading\" data-id=\"746e3bda\" data-element_type=\"widget\" data-e-type=\"widget\" id=\"vstupne\" data-widget_type=\"heading.default\">\n\t\t\t\t<div class=\"elementor-widget-container\">\n\t\t\t\t\t<h1 class=\"elementor-heading-title elementor-size-default\">ENTRY FEE<\/h1>\t\t\t\t<\/div>\n\t\t\t\t<\/div>\n\t\t\t\t<div class=\"elementor-element elementor-element-4f0e5293 hero-text elementor-widget elementor-widget-text-editor\" data-id=\"4f0e5293\" data-element_type=\"widget\" data-e-type=\"widget\" data-widget_type=\"text-editor.default\">\n\t\t\t\t<div class=\"elementor-widget-container\">\n\t\t\t\t\t\t\t\t\t<p>Price list is valid from January 1, 2025.<br \/>Prices are listed including VAT. Discounts and various marketing events cannot be added up or combined.<\/p><p><strong>PLEASE NOTE! Given the range of exposition, last tickets are sold at 6 p.m.<\/strong><\/p><p><!-- <\/p>\n<li><span style=\"color: #000000;\">Chcete n\u011bkomu\u00a0<strong>poslat vstupenku jako d\u00e1rek<\/strong>? Prost\u0159ednictv\u00edm zaveden\u00e9ho\u00a0<a style=\"color: #000000;\" href=\"https:\/\/www.bambule.cz\/kralovstvi-zeleznic\" target=\"_blank\" rel=\"noopener noreferrer\">e-shopu<\/a>\u00a0je to snadn\u00e9\u2026\u00a0<em>(odkaz se otev\u0159e v nov\u00e9 z\u00e1lo\u017ece)<\/em><\/span><\/li>\n<p> --><\/p>\t\t\t\t\t\t\t\t<\/div>\n\t\t\t\t<\/div>\n\t\t\t\t<div class=\"elementor-element elementor-element-41e3c681 btn-scroll-down-red elementor-widget elementor-widget-button\" data-id=\"41e3c681\" data-element_type=\"widget\" data-e-type=\"widget\" data-widget_type=\"button.default\">\n\t\t\t\t<div class=\"elementor-widget-container\">\n\t\t\t\t\t\t\t\t\t<div class=\"elementor-button-wrapper\">\n\t\t\t\t\t<a class=\"elementor-button elementor-button-link elementor-size-sm\" href=\"#preise\">\n\t\t\t\t\t\t<span class=\"elementor-button-content-wrapper\">\n\t\t\t\t\t\t\t\t\t<span class=\"elementor-button-text\">Current price list<\/span>\n\t\t\t\t\t<\/span>\n\t\t\t\t\t<\/a>\n\t\t\t\t<\/div>\n\t\t\t\t\t\t\t\t<\/div>\n\t\t\t\t<\/div>\n\t\t\t\t\t<\/div>\n\t\t<\/div>\n\t\t\t\t<div class=\"elementor-column elementor-col-50 elementor-top-column elementor-element elementor-element-1f8294f9\" data-id=\"1f8294f9\" data-element_type=\"column\" data-e-type=\"column\" id=\"column-subpage-hero-2\">\n\t\t\t<div class=\"elementor-widget-wrap elementor-element-populated\">\n\t\t\t\t\t\t<div class=\"elementor-element elementor-element-d6ee801 elementor-widget elementor-widget-image\" data-id=\"d6ee801\" data-element_type=\"widget\" data-e-type=\"widget\" id=\"vstupne-img\" data-widget_type=\"image.default\">\n\t\t\t\t<div class=\"elementor-widget-container\">\n\t\t\t\t\t\t\t\t\t\t\t\t\t\t\t<img fetchpriority=\"high\" decoding=\"async\" width=\"800\" height=\"627\" src=\"https:\/\/www.kralovstvi-zeleznic.cz\/wp-content\/uploads\/2021\/11\/Kreslici\u0301-pla\u0301tno-6-1024x803.png\" class=\"attachment-large size-large wp-image-3377\" alt=\"\" srcset=\"https:\/\/www.kralovstvi-zeleznic.cz\/wp-content\/uploads\/2021\/11\/Kreslici\u0301-pla\u0301tno-6-1024x803.png 1024w, https:\/\/www.kralovstvi-zeleznic.cz\/wp-content\/uploads\/2021\/11\/Kreslici\u0301-pla\u0301tno-6-300x235.png 300w, https:\/\/www.kralovstvi-zeleznic.cz\/wp-content\/uploads\/2021\/11\/Kreslici\u0301-pla\u0301tno-6-768x602.png 768w, https:\/\/www.kralovstvi-zeleznic.cz\/wp-content\/uploads\/2021\/11\/Kreslici\u0301-pla\u0301tno-6-1536x1204.png 1536w, https:\/\/www.kralovstvi-zeleznic.cz\/wp-content\/uploads\/2021\/11\/Kreslici\u0301-pla\u0301tno-6-2048x1606.png 2048w\" sizes=\"(max-width: 800px) 100vw, 800px\" \/>\t\t\t\t\t\t\t\t\t\t\t\t\t\t\t<\/div>\n\t\t\t\t<\/div>\n\t\t\t\t\t<\/div>\n\t\t<\/div>\n\t\t\t\t\t<\/div>\n\t\t<\/section>\n\t\t\t\t<section class=\"elementor-section elementor-top-section elementor-element elementor-element-b19d2bf elementor-section-boxed elementor-section-height-default elementor-section-height-default\" data-id=\"b19d2bf\" data-element_type=\"section\" data-e-type=\"section\" id=\"preise\">\n\t\t\t\t\t\t<div class=\"elementor-container elementor-column-gap-default\">\n\t\t\t\t\t<div class=\"elementor-column elementor-col-50 elementor-top-column elementor-element elementor-element-67825b6\" data-id=\"67825b6\" data-element_type=\"column\" data-e-type=\"column\">\n\t\t\t<div class=\"elementor-widget-wrap elementor-element-populated\">\n\t\t\t\t\t\t<div class=\"elementor-element elementor-element-58a3feb rotate-left elementor-widget elementor-widget-heading\" data-id=\"58a3feb\" data-element_type=\"widget\" data-e-type=\"widget\" data-widget_type=\"heading.default\">\n\t\t\t\t<div class=\"elementor-widget-container\">\n\t\t\t\t\t<h3 class=\"elementor-heading-title elementor-size-default\"><span class=\"highlight\"> Basic entry fee<\/span><\/h3>\t\t\t\t<\/div>\n\t\t\t\t<\/div>\n\t\t\t\t<div class=\"elementor-element elementor-element-eda31bf elementor-widget elementor-widget-text-editor\" data-id=\"eda31bf\" data-element_type=\"widget\" data-e-type=\"widget\" data-widget_type=\"text-editor.default\">\n\t\t\t\t<div class=\"elementor-widget-container\">\n\t\t\t\t\t\t\t\t\t<table class=\"pricelist\" width=\"100%\"><tbody><tr class=\"amp-wp-fd62ae0\"><th style=\"text-align: left;\" width=\"455\">Type of ticket<\/th><th class=\"amp-wp-7851dbc\" style=\"text-align: right;\" width=\"117\"><strong>Price<\/strong><\/th><\/tr><tr><td width=\"455\"><strong>Basic entry fee <\/strong>adults, children to 15 years of age, students, seniors, <em>(personal assistants to physically disabled visitors can enter free of charge)<\/em><\/td><td class=\"amp-wp-7851dbc\" width=\"117\"><strong>CZK 390<br \/><\/strong><\/td><\/tr><tr><td width=\"455\"><strong>Children shorter than 1 metre<\/strong> (only accompanied by an adult)<\/td><td class=\"amp-wp-7851dbc\" width=\"117\"><strong>CZK 50<\/strong><\/td><\/tr><\/tbody><\/table><ul><li><p>A regular ticket can be used only on the day when it was purchased.<\/p><\/li><li><p>If a customer wishes, a ticket can be bought as a \u201ctime\u201d ticket. Such is valid for 12 months from the day of purchase and enables you to enter the exposition once.<\/p><\/li><li><p>The ticket is entered into system as used once it is read at turnstile and stops being valid once you leave the exposition.<\/p><\/li><li><p>Visitors are obliged to present a valid ticket at any time in the exposition upon staff request.<\/p><\/li><li><p>Vouchers and coupons for children\u00b4s ticket are valid only when you buy a corresponding number of adult tickets for full price at the same time (1+1).<\/p><\/li><li><p>Vouchers for free children tickets can be used only by individual visitors. They will not be accepted as payment for children groups.<\/p><\/li><\/ul>\t\t\t\t\t\t\t\t<\/div>\n\t\t\t\t<\/div>\n\t\t\t\t\t<\/div>\n\t\t<\/div>\n\t\t\t\t<div class=\"elementor-column elementor-col-50 elementor-top-column elementor-element elementor-element-f1cea67\" data-id=\"f1cea67\" data-element_type=\"column\" data-e-type=\"column\">\n\t\t\t<div class=\"elementor-widget-wrap elementor-element-populated\">\n\t\t\t\t\t\t<div class=\"elementor-element elementor-element-8f8ebfe rotate-left elementor-widget elementor-widget-heading\" data-id=\"8f8ebfe\" data-element_type=\"widget\" data-e-type=\"widget\" data-widget_type=\"heading.default\">\n\t\t\t\t<div class=\"elementor-widget-container\">\n\t\t\t\t\t<h3 class=\"elementor-heading-title elementor-size-default\"><span class=\"highlight\"> Group discounts<\/span><\/h3>\t\t\t\t<\/div>\n\t\t\t\t<\/div>\n\t\t\t\t<div class=\"elementor-element elementor-element-637cb03 elementor-widget elementor-widget-text-editor\" data-id=\"637cb03\" data-element_type=\"widget\" data-e-type=\"widget\" data-widget_type=\"text-editor.default\">\n\t\t\t\t<div class=\"elementor-widget-container\">\n\t\t\t\t\t\t\t\t\t<table class=\"pricelist\" width=\"100%\"><tbody><tr class=\"amp-wp-fd62ae0\"><th style=\"text-align: left;\" width=\"455\">Type of group \/ discount<\/th><th class=\"amp-wp-7851dbc\" style=\"text-align: right;\" width=\"117\"><strong>Price<\/strong><\/th><\/tr><tr><td width=\"455\"><strong>School excursions<\/strong> (chaperones for free: 1 teacher\/15 pupils, price based on the selected program)<\/td><td class=\"amp-wp-7851dbc\" width=\"117\"><strong>from CZK 135<\/strong><\/td><\/tr><\/tbody><\/table>\t\t\t\t\t\t\t\t<\/div>\n\t\t\t\t<\/div>\n\t\t\t\t<div class=\"elementor-element elementor-element-2c404b6 rotate-left elementor-widget elementor-widget-heading\" data-id=\"2c404b6\" data-element_type=\"widget\" data-e-type=\"widget\" data-widget_type=\"heading.default\">\n\t\t\t\t<div class=\"elementor-widget-container\">\n\t\t\t\t\t<h3 class=\"elementor-heading-title elementor-size-default\"><span class=\"highlight\"> Discounted entry fee<\/span><\/h3>\t\t\t\t<\/div>\n\t\t\t\t<\/div>\n\t\t\t\t<div class=\"elementor-element elementor-element-44eddfa elementor-widget elementor-widget-text-editor\" data-id=\"44eddfa\" data-element_type=\"widget\" data-e-type=\"widget\" data-widget_type=\"text-editor.default\">\n\t\t\t\t<div class=\"elementor-widget-container\">\n\t\t\t\t\t\t\t\t\t<table class=\"pricelist\" width=\"100%\"><tbody><tr class=\"amp-wp-fd62ae0\"><th style=\"text-align: left;\" width=\"455\">Discount for \u010cesk\u00e9 dr\u00e1hy a.s. customers<\/th><th class=\"amp-wp-7851dbc\" style=\"text-align: right;\" width=\"117\"><strong>Discount<\/strong><\/th><\/tr><tr><td width=\"455\">After presenting a train ticket valid on the day of exposition visit<\/td><td class=\"amp-wp-7851dbc\" width=\"117\"><strong>10%<\/strong><\/td><\/tr><tr><td width=\"455\">After presenting a valid In-Karta<\/td><td class=\"amp-wp-7851dbc\" width=\"117\"><strong>1<\/strong><strong>5%<\/strong><\/td><\/tr><tr><td width=\"455\"><p><strong>A voucher for a ticket for CZK 100<\/strong> \u2022 voucher can be bought exclusively at \u010cesk\u00e9 dr\u00e1hy a.s. cash desks while buying a seat on a train to Prague or passing through Prague \u2022 voucher is valid for 3 months from the day of purchase and, in this time interval, can be traded for a ticket for one person (regardless of age) to the Kingdom of Railways at the exposition\u00b4s cash desk \u2022<\/p><\/td><td class=\"amp-wp-7851dbc\" width=\"117\"><strong>\u00a067%<\/strong><\/td><\/tr><\/tbody><\/table>\t\t\t\t\t\t\t\t<\/div>\n\t\t\t\t<\/div>\n\t\t\t\t\t<\/div>\n\t\t<\/div>\n\t\t\t\t\t<\/div>\n\t\t<\/section>\n\t\t\t\t<section class=\"elementor-section elementor-top-section elementor-element elementor-element-aba4d4c elementor-section-boxed elementor-section-height-default elementor-section-height-default\" data-id=\"aba4d4c\" data-element_type=\"section\" data-e-type=\"section\">\n\t\t\t\t\t\t<div class=\"elementor-container elementor-column-gap-default\">\n\t\t\t\t\t<div class=\"elementor-column elementor-col-50 elementor-top-column elementor-element elementor-element-ecaaf8e\" data-id=\"ecaaf8e\" data-element_type=\"column\" data-e-type=\"column\">\n\t\t\t<div class=\"elementor-widget-wrap\">\n\t\t\t\t\t\t\t<\/div>\n\t\t<\/div>\n\t\t\t\t<div class=\"elementor-column elementor-col-50 elementor-top-column elementor-element elementor-element-2bc5105\" data-id=\"2bc5105\" data-element_type=\"column\" data-e-type=\"column\">\n\t\t\t<div class=\"elementor-widget-wrap elementor-element-populated\">\n\t\t\t\t\t\t<div class=\"elementor-element elementor-element-1d3315b elementor-widget elementor-widget-text-editor\" data-id=\"1d3315b\" data-element_type=\"widget\" data-e-type=\"widget\" data-widget_type=\"text-editor.default\">\n\t\t\t\t<div class=\"elementor-widget-container\">\n\t\t\t\t\t\t\t\t\t<table class=\"pricelist\" width=\"100%\"><tbody><tr class=\"amp-wp-fd62ae0\"><th style=\"text-align: left;\" width=\"455\">Supplementary products<\/th><th class=\"amp-wp-7851dbc\" style=\"text-align: right;\" width=\"117\"><strong>Price<\/strong><\/th><\/tr><tr><td width=\"455\">Printed photograph from a \u201cphotobooth\u201d with green canvas as a souvenir (matt 15 \u00d7 10 cm)\u00a0\u00a0\u00a0\u00a0<\/td><td class=\"amp-wp-7851dbc\" width=\"117\"><strong>CZK 45<\/strong><\/td><\/tr><\/tbody><\/table>\t\t\t\t\t\t\t\t<\/div>\n\t\t\t\t<\/div>\n\t\t\t\t<div class=\"elementor-element elementor-element-5a1f786 elementor-widget elementor-widget-image\" data-id=\"5a1f786\" data-element_type=\"widget\" data-e-type=\"widget\" data-widget_type=\"image.default\">\n\t\t\t\t<div class=\"elementor-widget-container\">\n\t\t\t\t\t\t\t\t\t\t\t\t\t\t\t<img decoding=\"async\" width=\"300\" height=\"263\" src=\"https:\/\/www.kralovstvi-zeleznic.cz\/wp-content\/uploads\/2021\/08\/ATRAKCE_KZ\u030c_13-300x263.png\" class=\"attachment-medium size-medium wp-image-3185\" alt=\"\" srcset=\"https:\/\/www.kralovstvi-zeleznic.cz\/wp-content\/uploads\/2021\/08\/ATRAKCE_KZ\u030c_13-300x263.png 300w, https:\/\/www.kralovstvi-zeleznic.cz\/wp-content\/uploads\/2021\/08\/ATRAKCE_KZ\u030c_13-768x672.png 768w, https:\/\/www.kralovstvi-zeleznic.cz\/wp-content\/uploads\/2021\/08\/ATRAKCE_KZ\u030c_13.png 834w\" sizes=\"(max-width: 300px) 100vw, 300px\" \/>\t\t\t\t\t\t\t\t\t\t\t\t\t\t\t<\/div>\n\t\t\t\t<\/div>\n\t\t\t\t\t<\/div>\n\t\t<\/div>\n\t\t\t\t\t<\/div>\n\t\t<\/section>\n\t\t\t\t<section class=\"elementor-section elementor-top-section elementor-element elementor-element-654559c elementor-section-boxed elementor-section-height-default elementor-section-height-default\" data-id=\"654559c\" data-element_type=\"section\" data-e-type=\"section\">\n\t\t\t\t\t\t<div class=\"elementor-container elementor-column-gap-default\">\n\t\t\t\t\t<div class=\"elementor-column elementor-col-50 elementor-top-column elementor-element elementor-element-13bf115\" data-id=\"13bf115\" data-element_type=\"column\" data-e-type=\"column\">\n\t\t\t<div class=\"elementor-widget-wrap elementor-element-populated\">\n\t\t\t\t\t\t<div class=\"elementor-element elementor-element-144c37b elementor-widget elementor-widget-text-editor\" data-id=\"144c37b\" data-element_type=\"widget\" data-e-type=\"widget\" data-widget_type=\"text-editor.default\">\n\t\t\t\t<div class=\"elementor-widget-container\">\n\t\t\t\t\t\t\t\t\t<ul><li><p><strong>We do not accept luncheon vouchers, benefit cards or coupons.<\/strong><\/p><\/li><\/ul>\t\t\t\t\t\t\t\t<\/div>\n\t\t\t\t<\/div>\n\t\t\t\t\t<\/div>\n\t\t<\/div>\n\t\t\t\t<div class=\"elementor-column elementor-col-50 elementor-top-column elementor-element elementor-element-dac535b\" data-id=\"dac535b\" data-element_type=\"column\" data-e-type=\"column\">\n\t\t\t<div class=\"elementor-widget-wrap elementor-element-populated\">\n\t\t\t\t\t\t<div class=\"elementor-element elementor-element-06a3f67 elementor-widget elementor-widget-image\" data-id=\"06a3f67\" data-element_type=\"widget\" data-e-type=\"widget\" data-widget_type=\"image.default\">\n\t\t\t\t<div class=\"elementor-widget-container\">\n\t\t\t\t\t\t\t\t\t\t\t\t\t\t\t<img decoding=\"async\" width=\"443\" height=\"470\" src=\"https:\/\/www.kralovstvi-zeleznic.cz\/wp-content\/uploads\/2021\/09\/syn_RC_skica_col@2x.png\" class=\"attachment-large size-large wp-image-2564\" alt=\"\" srcset=\"https:\/\/www.kralovstvi-zeleznic.cz\/wp-content\/uploads\/2021\/09\/syn_RC_skica_col@2x.png 443w, https:\/\/www.kralovstvi-zeleznic.cz\/wp-content\/uploads\/2021\/09\/syn_RC_skica_col@2x-283x300.png 283w\" sizes=\"(max-width: 443px) 100vw, 443px\" \/>\t\t\t\t\t\t\t\t\t\t\t\t\t\t\t<\/div>\n\t\t\t\t<\/div>\n\t\t\t\t\t<\/div>\n\t\t<\/div>\n\t\t\t\t\t<\/div>\n\t\t<\/section>\n\t\t\t\t<section class=\"elementor-section elementor-top-section elementor-element elementor-element-83a4d80 elementor-section-boxed elementor-section-height-default elementor-section-height-default\" data-id=\"83a4d80\" data-element_type=\"section\" data-e-type=\"section\">\n\t\t\t\t\t\t<div class=\"elementor-container elementor-column-gap-default\">\n\t\t\t\t\t<div class=\"elementor-column elementor-col-50 elementor-top-column elementor-element elementor-element-2360f36\" data-id=\"2360f36\" data-element_type=\"column\" data-e-type=\"column\">\n\t\t\t<div class=\"elementor-widget-wrap elementor-element-populated\">\n\t\t\t\t\t\t<div class=\"elementor-element elementor-element-936e3c6 elementor-widget elementor-widget-image\" data-id=\"936e3c6\" data-element_type=\"widget\" data-e-type=\"widget\" data-widget_type=\"image.default\">\n\t\t\t\t<div class=\"elementor-widget-container\">\n\t\t\t\t\t\t\t\t\t\t\t\t\t\t\t<img loading=\"lazy\" decoding=\"async\" width=\"800\" height=\"377\" src=\"https:\/\/www.kralovstvi-zeleznic.cz\/wp-content\/uploads\/2021\/12\/KZEL-poukaz-11-rocni.png\" class=\"attachment-large size-large wp-image-13329\" alt=\"\" srcset=\"https:\/\/www.kralovstvi-zeleznic.cz\/wp-content\/uploads\/2021\/12\/KZEL-poukaz-11-rocni.png 914w, https:\/\/www.kralovstvi-zeleznic.cz\/wp-content\/uploads\/2021\/12\/KZEL-poukaz-11-rocni-300x141.png 300w, https:\/\/www.kralovstvi-zeleznic.cz\/wp-content\/uploads\/2021\/12\/KZEL-poukaz-11-rocni-768x362.png 768w\" sizes=\"(max-width: 800px) 100vw, 800px\" \/>\t\t\t\t\t\t\t\t\t\t\t\t\t\t\t<\/div>\n\t\t\t\t<\/div>\n\t\t\t\t\t<\/div>\n\t\t<\/div>\n\t\t\t\t<div class=\"elementor-column elementor-col-50 elementor-top-column elementor-element elementor-element-698f740\" data-id=\"698f740\" data-element_type=\"column\" data-e-type=\"column\">\n\t\t\t<div class=\"elementor-widget-wrap elementor-element-populated\">\n\t\t\t\t\t\t<div class=\"elementor-element elementor-element-dd0a026 elementor-widget elementor-widget-heading\" data-id=\"dd0a026\" data-element_type=\"widget\" data-e-type=\"widget\" data-widget_type=\"heading.default\">\n\t\t\t\t<div class=\"elementor-widget-container\">\n\t\t\t\t\t<h4 class=\"elementor-heading-title elementor-size-default\">GIFT VOUCHER FOR TICKETS<\/h4>\t\t\t\t<\/div>\n\t\t\t\t<\/div>\n\t\t\t\t<div class=\"elementor-element elementor-element-4bafc9f elementor-widget elementor-widget-text-editor\" data-id=\"4bafc9f\" data-element_type=\"widget\" data-e-type=\"widget\" data-widget_type=\"text-editor.default\">\n\t\t\t\t<div class=\"elementor-widget-container\">\n\t\t\t\t\t\t\t\t\t<ul><li><p>Make your loved ones happy and give them a gift voucher for a single or a yearly ticket to the Kingdom of Railways!<\/p><p>The recipients of the gift will be able to experience literally hundreds of metres of tracks, dozens of engines, moving cars, thousands of tiny figurines, landmarks of the Czech Republic and a lot of fun. A must see!<\/p><p>You can buy the vouchers at our cash desk at Sm\u00edchov or on-line of <a href=\"https:\/\/eshop.kra\" target=\"_blank\" rel=\"noopener\">e-shop<\/a>.<span style=\"color: #ff050b;\"><br \/><\/span><\/p><\/li><\/ul>\t\t\t\t\t\t\t\t<\/div>\n\t\t\t\t<\/div>\n\t\t\t\t\t<\/div>\n\t\t<\/div>\n\t\t\t\t\t<\/div>\n\t\t<\/section>\n\t\t\t\t<\/div>\n\t\t","protected":false},"excerpt":{"rendered":"<p>ENTRY FEE Price list is valid from January 1, 2025.Prices are listed including VAT. Discounts and various marketing events cannot be added up or combined. PLEASE NOTE! Given the range of exposition, last tickets are sold at 6 p.m. Current price list Basic entry fee Type of ticket Price Basic entry fee adults, children to [&hellip;]<\/p>\n","protected":false},"author":5,"featured_media":0,"parent":0,"menu_order":0,"comment_status":"closed","ping_status":"closed","template":"","meta":{"footnotes":""},"class_list":["post-19685","page","type-page","status-publish","hentry"],"_links":{"self":[{"href":"https:\/\/www.kralovstvi-zeleznic.cz\/en\/wp-json\/wp\/v2\/pages\/19685","targetHints":{"allow":["GET"]}}],"collection":[{"href":"https:\/\/www.kralovstvi-zeleznic.cz\/en\/wp-json\/wp\/v2\/pages"}],"about":[{"href":"https:\/\/www.kralovstvi-zeleznic.cz\/en\/wp-json\/wp\/v2\/types\/page"}],"author":[{"embeddable":true,"href":"https:\/\/www.kralovstvi-zeleznic.cz\/en\/wp-json\/wp\/v2\/users\/5"}],"replies":[{"embeddable":true,"href":"https:\/\/www.kralovstvi-zeleznic.cz\/en\/wp-json\/wp\/v2\/comments?post=19685"}],"version-history":[{"count":0,"href":"https:\/\/www.kralovstvi-zeleznic.cz\/en\/wp-json\/wp\/v2\/pages\/19685\/revisions"}],"wp:attachment":[{"href":"https:\/\/www.kralovstvi-zeleznic.cz\/en\/wp-json\/wp\/v2\/media?parent=19685"}],"curies":[{"name":"wp","href":"https:\/\/api.w.org\/{rel}","templated":true}]}}