{"id":13180,"date":"2021-12-07T11:15:48","date_gmt":"2021-12-07T11:15:48","guid":{"rendered":"https:\/\/www.kralovstvi-zeleznic.cz\/?page_id=13180"},"modified":"2025-05-30T09:19:10","modified_gmt":"2025-05-30T09:19:10","slug":"ustav","status":"publish","type":"page","link":"https:\/\/www.kralovstvi-zeleznic.cz\/en\/ustav\/","title":{"rendered":"EN &#8211; \u00dastav"},"content":{"rendered":"\t\t<div data-elementor-type=\"wp-page\" data-elementor-id=\"13180\" class=\"elementor elementor-13180 elementor-1895\" data-elementor-post-type=\"page\">\n\t\t\t\t\t\t<section class=\"elementor-section elementor-top-section elementor-element elementor-element-319f5da elementor-section-height-min-height elementor-section-items-top elementor-section-boxed elementor-section-height-default\" data-id=\"319f5da\" data-element_type=\"section\" data-e-type=\"section\" id=\"hero-hp\" data-settings=\"{&quot;background_background&quot;:&quot;classic&quot;}\">\n\t\t\t\t\t\t<div class=\"elementor-container elementor-column-gap-default\">\n\t\t\t\t\t<div class=\"elementor-column elementor-col-50 elementor-top-column elementor-element elementor-element-015218d\" data-id=\"015218d\" data-element_type=\"column\" data-e-type=\"column\">\n\t\t\t<div class=\"elementor-widget-wrap\">\n\t\t\t\t\t\t\t<\/div>\n\t\t<\/div>\n\t\t\t\t<div class=\"elementor-column elementor-col-50 elementor-top-column elementor-element elementor-element-126203d\" data-id=\"126203d\" data-element_type=\"column\" data-e-type=\"column\">\n\t\t\t<div class=\"elementor-widget-wrap\">\n\t\t\t\t\t\t\t<\/div>\n\t\t<\/div>\n\t\t\t\t\t<\/div>\n\t\t<\/section>\n\t\t\t\t<section class=\"elementor-section elementor-top-section elementor-element elementor-element-5305282 elementor-section-boxed elementor-section-height-default elementor-section-height-default\" data-id=\"5305282\" data-element_type=\"section\" data-e-type=\"section\">\n\t\t\t\t\t\t<div class=\"elementor-container elementor-column-gap-default\">\n\t\t\t\t\t<div class=\"elementor-column elementor-col-100 elementor-top-column elementor-element elementor-element-96e0e8d\" data-id=\"96e0e8d\" data-element_type=\"column\" data-e-type=\"column\">\n\t\t\t<div class=\"elementor-widget-wrap elementor-element-populated\">\n\t\t\t\t\t\t<div class=\"elementor-element elementor-element-c93a55b elementor-widget elementor-widget-heading\" data-id=\"c93a55b\" data-element_type=\"widget\" data-e-type=\"widget\" data-widget_type=\"heading.default\">\n\t\t\t\t<div class=\"elementor-widget-container\">\n\t\t\t\t\t<h1 class=\"elementor-heading-title elementor-size-default\">OPERATOR OF THE EXPOSITION OF THE KINGDOM OF RAILWAYS\n<\/h1>\t\t\t\t<\/div>\n\t\t\t\t<\/div>\n\t\t\t\t\t<\/div>\n\t\t<\/div>\n\t\t\t\t\t<\/div>\n\t\t<\/section>\n\t\t\t\t<section class=\"elementor-section elementor-top-section elementor-element elementor-element-644944f elementor-section-boxed elementor-section-height-default elementor-section-height-default elementor-invisible\" data-id=\"644944f\" data-element_type=\"section\" data-e-type=\"section\" id=\"eisenbahnmodell\" data-settings=\"{&quot;animation&quot;:&quot;fadeInLeft&quot;}\">\n\t\t\t\t\t\t<div class=\"elementor-container elementor-column-gap-default\">\n\t\t\t\t\t<div class=\"elementor-column elementor-col-100 elementor-top-column elementor-element elementor-element-1f7b82b attraction-subpage-item\" data-id=\"1f7b82b\" data-element_type=\"column\" data-e-type=\"column\">\n\t\t\t<div class=\"elementor-widget-wrap elementor-element-populated\">\n\t\t\t\t\t\t<div class=\"elementor-element elementor-element-66037cb elementor-widget elementor-widget-text-editor\" data-id=\"66037cb\" data-element_type=\"widget\" data-e-type=\"widget\" data-widget_type=\"text-editor.default\">\n\t\t\t\t<div class=\"elementor-widget-container\">\n\t\t\t\t\t\t\t\t\t<p><strong>\u00daMVV<\/strong> (\u00dastav model\u016f ve vzd\u011bl\u00e1v\u00e1n\u00ed, zapsan\u00fd \u00fastav) \/Institute of Models in Education, registered institute<\/p><p>The Institute was established to provide services of general interest, the aim of which is to implement the following activities using a simplified railway model of the Czech Republic and related exhibitions (scale dominants of historical and industrial model trains, cars, and character stories):<\/p><ol><li><span style=\"font-weight: var( --e-global-typography-text-font-weight );\">present the Czech Republic and its regions to domestic and foreign tourists,<\/span><\/li><li>contribute to the creation of interest in other tourist sights and regions of the Czech Republic,<\/li><li>to develop and promote the regions of the Czech Republic and thus contribute to the development of their tourist potential;<\/li><li>to show the landscape, infrastructure and their values as a basic means for the development of tourism,<\/li><li>to use the exhibition for education in the form of excursions and teaching subjects from the Framework Educational Programmes of the Ministry of Education and Science in the form of worksheets for kindergartens, primary and secondary schools,<\/li><li>to use worksheets, experience maps and other didactic aids to educate families with children in an entertaining way.<\/li><\/ol>\t\t\t\t\t\t\t\t<\/div>\n\t\t\t\t<\/div>\n\t\t\t\t\t<\/div>\n\t\t<\/div>\n\t\t\t\t\t<\/div>\n\t\t<\/section>\n\t\t\t\t<section class=\"elementor-section elementor-top-section elementor-element elementor-element-bfb063a elementor-section-boxed elementor-section-height-default elementor-section-height-default\" data-id=\"bfb063a\" data-element_type=\"section\" data-e-type=\"section\">\n\t\t\t\t\t\t<div class=\"elementor-container elementor-column-gap-default\">\n\t\t\t\t\t<div class=\"elementor-column elementor-col-100 elementor-top-column elementor-element elementor-element-c4e2633\" data-id=\"c4e2633\" data-element_type=\"column\" data-e-type=\"column\">\n\t\t\t<div class=\"elementor-widget-wrap elementor-element-populated\">\n\t\t\t\t\t\t<div class=\"elementor-element elementor-element-dca2ebf elementor-widget elementor-widget-heading\" data-id=\"dca2ebf\" data-element_type=\"widget\" data-e-type=\"widget\" data-widget_type=\"heading.default\">\n\t\t\t\t<div class=\"elementor-widget-container\">\n\t\t\t\t\t<h2 class=\"elementor-heading-title elementor-size-default\">Business information:<\/h2>\t\t\t\t<\/div>\n\t\t\t\t<\/div>\n\t\t\t\t<div class=\"elementor-element elementor-element-fe1580e elementor-widget elementor-widget-text-editor\" data-id=\"fe1580e\" data-element_type=\"widget\" data-e-type=\"widget\" data-widget_type=\"text-editor.default\">\n\t\t\t\t<div class=\"elementor-widget-container\">\n\t\t\t\t\t\t\t\t\t<table class=\"amp-wp-e71dc31\"><tbody><tr><td class=\"amp-wp-fa46fe8\"><strong>Company name:\u00a0<\/strong><\/td><td class=\"amp-wp-e6e0306\"><strong>\u00dastav model\u016f ve vzd\u011bl\u00e1v\u00e1n\u00ed,<\/strong> zapsan\u00fd \u00fastav<\/td><\/tr><tr><td class=\"amp-wp-fa46fe8\">Address:<\/td><td class=\"amp-wp-e6e0306\">Roh\u00e1\u010dova 145\/14, 130 00 Praha 5<\/td><\/tr><tr><td class=\"amp-wp-fa46fe8\"><strong>Address for correspondence:<\/strong><\/td><td class=\"amp-wp-e6e0306\"><strong>Plze\u0148sk\u00e1 3350\/12, 150 00 Praha 5<\/strong><\/td><\/tr><tr><td class=\"amp-wp-fa46fe8\">ID NUMBER, VAT NUMBER:<\/td><td class=\"amp-wp-e6e0306\">033 800 92, CZ-033 800 92<\/td><\/tr><tr><td class=\"amp-wp-fa46fe8\">Registred:<\/td><td class=\"amp-wp-e6e0306\">Veden\u00e1 u M\u011bstsk\u00e9ho soudu v Praze, odd\u00edl U, vlo\u017eka 65<\/td><\/tr><tr><td class=\"amp-wp-fa46fe8\">Bank account:<\/td><td class=\"amp-wp-e6e0306\">Komer\u010dn\u00ed banka, 107 \u2013 8051470287 \/ 0100<\/td><\/tr><\/tbody><\/table>\t\t\t\t\t\t\t\t<\/div>\n\t\t\t\t<\/div>\n\t\t\t\t\t<\/div>\n\t\t<\/div>\n\t\t\t\t\t<\/div>\n\t\t<\/section>\n\t\t\t\t<section class=\"elementor-section elementor-top-section elementor-element elementor-element-510b7c5 elementor-section-boxed elementor-section-height-default elementor-section-height-default\" data-id=\"510b7c5\" data-element_type=\"section\" data-e-type=\"section\">\n\t\t\t\t\t\t<div class=\"elementor-container elementor-column-gap-default\">\n\t\t\t\t\t<div class=\"elementor-column elementor-col-100 elementor-top-column elementor-element elementor-element-818b331\" data-id=\"818b331\" data-element_type=\"column\" data-e-type=\"column\">\n\t\t\t<div class=\"elementor-widget-wrap elementor-element-populated\">\n\t\t\t\t\t\t<div class=\"elementor-element elementor-element-dfe3ce1 elementor-widget elementor-widget-heading\" data-id=\"dfe3ce1\" data-element_type=\"widget\" data-e-type=\"widget\" data-widget_type=\"heading.default\">\n\t\t\t\t<div class=\"elementor-widget-container\">\n\t\t\t\t\t<h2 class=\"elementor-heading-title elementor-size-default\">Contats:<\/h2>\t\t\t\t<\/div>\n\t\t\t\t<\/div>\n\t\t\t\t<div class=\"elementor-element elementor-element-261e52f elementor-widget elementor-widget-text-editor\" data-id=\"261e52f\" data-element_type=\"widget\" data-e-type=\"widget\" data-widget_type=\"text-editor.default\">\n\t\t\t\t<div class=\"elementor-widget-container\">\n\t\t\t\t\t\t\t\t\t<table><tbody><tr><td><strong>E-mail:<\/strong><\/td><td><strong>info@umvv.cz<\/strong><\/td><\/tr><tr><td>Tel.:<\/td><td>+420 777 289 015<\/td><\/tr><\/tbody><\/table>\t\t\t\t\t\t\t\t<\/div>\n\t\t\t\t<\/div>\n\t\t\t\t\t<\/div>\n\t\t<\/div>\n\t\t\t\t\t<\/div>\n\t\t<\/section>\n\t\t\t\t<\/div>\n\t\t","protected":false},"excerpt":{"rendered":"<p>OPERATOR OF THE EXPOSITION OF THE KINGDOM OF RAILWAYS \u00daMVV (\u00dastav model\u016f ve vzd\u011bl\u00e1v\u00e1n\u00ed, zapsan\u00fd \u00fastav) \/Institute of Models in Education, registered institute The Institute was established to provide services of general interest, the aim of which is to implement the following activities using a simplified railway model of the Czech Republic and related exhibitions [&hellip;]<\/p>\n","protected":false},"author":5,"featured_media":0,"parent":0,"menu_order":0,"comment_status":"closed","ping_status":"closed","template":"","meta":{"footnotes":""},"class_list":["post-13180","page","type-page","status-publish","hentry"],"_links":{"self":[{"href":"https:\/\/www.kralovstvi-zeleznic.cz\/en\/wp-json\/wp\/v2\/pages\/13180","targetHints":{"allow":["GET"]}}],"collection":[{"href":"https:\/\/www.kralovstvi-zeleznic.cz\/en\/wp-json\/wp\/v2\/pages"}],"about":[{"href":"https:\/\/www.kralovstvi-zeleznic.cz\/en\/wp-json\/wp\/v2\/types\/page"}],"author":[{"embeddable":true,"href":"https:\/\/www.kralovstvi-zeleznic.cz\/en\/wp-json\/wp\/v2\/users\/5"}],"replies":[{"embeddable":true,"href":"https:\/\/www.kralovstvi-zeleznic.cz\/en\/wp-json\/wp\/v2\/comments?post=13180"}],"version-history":[{"count":0,"href":"https:\/\/www.kralovstvi-zeleznic.cz\/en\/wp-json\/wp\/v2\/pages\/13180\/revisions"}],"wp:attachment":[{"href":"https:\/\/www.kralovstvi-zeleznic.cz\/en\/wp-json\/wp\/v2\/media?parent=13180"}],"curies":[{"name":"wp","href":"https:\/\/api.w.org\/{rel}","templated":true}]}}